{"id":4945,"date":"2024-03-01T20:34:39","date_gmt":"2024-03-01T20:34:39","guid":{"rendered":"https:\/\/promociones.laurumptahotel.com.ar\/?page_id=4945"},"modified":"2024-10-25T20:00:46","modified_gmt":"2024-10-25T20:00:46","slug":"politicas-de-privacidad","status":"publish","type":"page","link":"https:\/\/laurumptahotel.com.ar\/en\/politicas-de-privacidad\/","title":{"rendered":"Pri\u00adva\u00adcy Poli\u00adcies"},"content":{"rendered":"<div data-elementor-type=\"wp-page\" data-elementor-id=\"4945\" class=\"elementor elementor-4945\" data-elementor-post-type=\"page\">\n\t\t\t\t\t\t<section class=\"elementor-section elementor-top-section elementor-element elementor-element-97d6113 elementor-section-boxed elementor-section-height-default elementor-section-height-default\" data-id=\"97d6113\" data-element_type=\"section\" data-e-type=\"section\">\n\t\t\t\t\t\t<div class=\"elementor-container elementor-column-gap-default\">\n\t\t\t\t\t<div class=\"elementor-column elementor-col-100 elementor-top-column elementor-element elementor-element-51aec49\" data-id=\"51aec49\" data-element_type=\"column\" data-e-type=\"column\">\n\t\t\t<div class=\"elementor-widget-wrap elementor-element-populated\">\n\t\t\t\t\t\t<div class=\"elementor-element elementor-element-4c6bfb7 elementor-widget elementor-widget-heading\" data-id=\"4c6bfb7\" data-element_type=\"widget\" data-e-type=\"widget\" data-widget_type=\"heading.default\">\n\t\t\t\t<div class=\"elementor-widget-container\">\n\t\t\t\t\t<h2 class=\"elementor-heading-title elementor-size-default\">Privacy Policies<\/h2>\t\t\t\t<\/div>\n\t\t\t\t<\/div>\n\t\t\t\t<div class=\"elementor-element elementor-element-95c3ed0 elementor-widget elementor-widget-spacer\" data-id=\"95c3ed0\" data-element_type=\"widget\" data-e-type=\"widget\" data-widget_type=\"spacer.default\">\n\t\t\t\t<div class=\"elementor-widget-container\">\n\t\t\t\t\t\t\t<div class=\"elementor-spacer\">\n\t\t\t<div class=\"elementor-spacer-inner\"><\/div>\n\t\t<\/div>\n\t\t\t\t\t\t<\/div>\n\t\t\t\t<\/div>\n\t\t\t\t\t<\/div>\n\t\t<\/div>\n\t\t\t\t\t<\/div>\n\t\t<\/section>\n\t\t\t\t<section class=\"elementor-section elementor-top-section elementor-element elementor-element-302bbac elementor-section-boxed elementor-section-height-default elementor-section-height-default\" data-id=\"302bbac\" data-element_type=\"section\" data-e-type=\"section\">\n\t\t\t\t\t\t<div class=\"elementor-container elementor-column-gap-default\">\n\t\t\t\t\t<div class=\"elementor-column elementor-col-100 elementor-top-column elementor-element elementor-element-78772db\" data-id=\"78772db\" data-element_type=\"column\" data-e-type=\"column\">\n\t\t\t<div class=\"elementor-widget-wrap elementor-element-populated\">\n\t\t\t\t\t\t<div class=\"elementor-element elementor-element-194e7ec elementor-widget elementor-widget-text-editor\" data-id=\"194e7ec\" data-element_type=\"widget\" data-e-type=\"widget\" data-widget_type=\"text-editor.default\">\n\t\t\t\t<div class=\"elementor-widget-container\">\n\t\t\t\t\t\t\t\t\t<p>The hotel col\u00adlects per\u00adson\u00adal infor\u00adma\u00adtion from guests when they make a reser\u00adva\u00adtion or sub\u00adscribe to the newslet\u00adter. You may be asked to enter your name, e\u2011mail address, mail\u00ading address, phone num\u00adber or cred\u00adit card infor\u00adma\u00adtion.<br><br><strong>What do we use this infor\u00adma\u00adtion for?<br><\/strong><br>Any infor\u00adma\u00adtion we col\u00adlect may be used to:<\/p><ul><li>Send infor\u00adma\u00adtive e\u2011mails.<\/li><li>Process orders and send updates relat\u00aded to your reser\u00adva\u00adtion.<\/li><li>Pro\u00advide occa\u00adsion\u00adal com\u00adpa\u00adny news, updates, prod\u00aduct or ser\u00advice infor\u00adma\u00adtion, etc.<\/li><li>Trans\u00adac\u00adtion pro\u00adcess\u00ading: final\u00adize pay\u00adments relat\u00aded to your reser\u00adva\u00adtion and requests.<\/li><\/ul><p>Your infor\u00adma\u00adtion, whether pub\u00adlic or pri\u00advate, will not be sold, exchanged, trans\u00adferred or giv\u00aden to any oth\u00ader com\u00adpa\u00adny for any rea\u00adson oth\u00ader than for the express pur\u00adpose of deliv\u00ader\u00ading the request\u00aded prod\u00aduct or ser\u00advice.<br><br>If at any time you wish to unsub\u00adscribe from receiv\u00ading emails, you can unsub\u00adscribe at the bot\u00adtom of each email.<br><br><strong>Links to third par\u00adties<\/strong><br>From time to time, we may include or offer third par\u00adty prod\u00aducts or ser\u00advices on our web\u00adsite. These sites have sep\u00ada\u00adrate and inde\u00adpen\u00addent pri\u00adva\u00adcy poli\u00adcies. We are not respon\u00adsi\u00adble for the con\u00adtent or activ\u00adi\u00adties of such sites. Nonethe\u00adless, we seek to pro\u00adtect the integri\u00adty of our site and wel\u00adcome any feed\u00adback about these links.<br><br><strong>Minors<\/strong><br>Chil\u00addren under 18 years of age must always be accom\u00adpa\u00adnied by an adult in the room. It is essen\u00adtial that the minor is accom\u00adpa\u00adnied by his\/her moth\u00ader, father or legal guardian for check-in. In case of spe\u00adcial per\u00admis\u00adsions to trav\u00adel with minors, before book\u00ading, please con\u00adtact us at reservas@laurumptahotel.com.ar or Tel: +54 0358 4653571 to con\u00adsult the nec\u00ades\u00adsary doc\u00adu\u00admen\u00adta\u00adtion.<br><br><strong>Con\u00adsent<\/strong><br>By using our web\u00adsite and book\u00ading engine, you agree to our pri\u00adva\u00adcy pol\u00adi\u00adcy and site terms and con\u00addi\u00adtions.<\/p>\t\t\t\t\t\t\t\t<\/div>\n\t\t\t\t<\/div>\n\t\t\t\t\t<\/div>\n\t\t<\/div>\n\t\t\t\t\t<\/div>\n\t\t<\/section>\n\t\t\t\t<\/div>","protected":false},"excerpt":{"rendered":"<p>Pol\u00edti\u00adcas de Pri\u00advaci\u00addad El hotel recopi\u00adla infor\u00adma\u00adci\u00f3n per\u00adson\u00adal de los hu\u00e9s\u00adpedes cuan\u00addo real\u00adizan una reser\u00adva o se suscriben al bolet\u00edn de novedades. Es posi\u00adble que se le solicite que ingrese su nom\u00adbre, direc\u00adci\u00f3n de correo elec\u00adtr\u00f3ni\u00adco, direc\u00adci\u00f3n postal, n\u00famero de tel\u00e9\u00adfono o infor\u00adma\u00adci\u00f3n de su tar\u00adje\u00adta de cr\u00e9di\u00adto. \u00bfPara qu\u00e9 uti\u00adlizamos esta informaci\u00f3n?Cualquier infor\u00adma\u00adci\u00f3n que \u2026<\/p>","protected":false},"author":6,"featured_media":7889,"parent":0,"menu_order":0,"comment_status":"closed","ping_status":"closed","template":"","meta":{"wp_typography_post_enhancements_disabled":false,"cozystay_single_page_hide_site_header":"","cozystay_single_page_site_header_source":"","cozystay_single_page_custom_site_header":"0","cozystay_single_page_custom_sticky_site_header":"0","cozystay_single_page_hide_page_title":"","cozystay_single_page_header_section_size":"","cozystay_single_page_header_background_color":"","cozystay_single_page_header_background_position_x":"center","cozystay_single_page_header_background_position_y":"center","cozystay_single_page_header_background_size":"cover","cozystay_single_page_header_background_repeat":"off","cozystay_single_page_header_background_scroll":"on","cozystay_single_page_header_text_color":"","cozystay_single_page_header_show_breadcrumb":"","cozystay_single_page_site_footer_hide_main":"","cozystay_single_custom_site_footer_main_source":"","cozystay_single_custom_site_footer_main":"0","cozystay_single_page_site_footer_hide_above":"","cozystay_single_custom_site_footer_above_source":"","cozystay_single_custom_site_footer_above":"0","cozystay_single_page_site_footer_hide_instagram":"","cozystay_single_page_site_footer_hide_bottom":"","cozystay_single_custom_mobile_menu_source":"","cozystay_single_custom_mobile_menu":"0","cozystay_single_custom_mobile_menu_animation":"","cozystay_single_custom_mobile_menu_width":"","cozystay_single_custom_mobile_menu_custom_width":375,"footnotes":""},"class_list":["post-4945","page","type-page","status-publish","has-post-thumbnail","hentry"],"yoast_head":"<!-- This site is optimized with the Yoast SEO plugin v27.3 - https:\/\/yoast.com\/product\/yoast-seo-wordpress\/ -->\n<title>Pol\u00edticas de Privacidad - La Urumpta Hotel &amp; Spa, AKEN MIND<\/title>\n<meta name=\"robots\" content=\"index, follow, max-snippet:-1, max-image-preview:large, max-video-preview:-1\" \/>\n<link rel=\"canonical\" href=\"https:\/\/laurumptahotel.com.ar\/en\/politicas-de-privacidad-2\/\" \/>\n<meta property=\"og:locale\" content=\"en_US\" \/>\n<meta property=\"og:type\" content=\"article\" \/>\n<meta property=\"og:title\" content=\"Pol\u00edticas de Privacidad - La Urumpta Hotel &amp; Spa, AKEN MIND\" \/>\n<meta property=\"og:description\" content=\"Pol\u00edticas de Privacidad El hotel recopila informaci\u00f3n personal de los hu\u00e9spedes cuando realizan una reserva o se suscriben al bolet\u00edn de novedades. Es posible que se le solicite que ingrese su nombre, direcci\u00f3n de correo electr\u00f3nico, direcci\u00f3n postal, n\u00famero de tel\u00e9fono o informaci\u00f3n de su tarjeta de cr\u00e9dito. \u00bfPara qu\u00e9 utilizamos esta informaci\u00f3n?Cualquier informaci\u00f3n que ...\" \/>\n<meta property=\"og:url\" content=\"https:\/\/laurumptahotel.com.ar\/en\/politicas-de-privacidad-2\/\" \/>\n<meta property=\"og:site_name\" content=\"La Urumpta Hotel &amp; Spa, AKEN MIND\" \/>\n<meta property=\"article:publisher\" content=\"https:\/\/facebook.com\/akenmindmerida\" \/>\n<meta property=\"article:modified_time\" content=\"2024-10-25T20:00:46+00:00\" \/>\n<meta property=\"og:image\" content=\"https:\/\/laurumptahotel.com.ar\/wp-content\/uploads\/2024\/02\/green-palm-leaves-on-the-background-of-the-pool-s-2023-11-27-05-33-43-utc.webp\" \/>\n\t<meta property=\"og:image:width\" content=\"2048\" \/>\n\t<meta property=\"og:image:height\" content=\"1166\" \/>\n\t<meta property=\"og:image:type\" content=\"image\/webp\" \/>\n<meta name=\"twitter:card\" content=\"summary_large_image\" \/>\n<meta name=\"twitter:label1\" content=\"Est. reading time\" \/>\n\t<meta name=\"twitter:data1\" content=\"2 minutes\" \/>\n<script type=\"application\/ld+json\" class=\"yoast-schema-graph\">{\"@context\":\"https:\\\/\\\/schema.org\",\"@graph\":[{\"@type\":\"WebPage\",\"@id\":\"https:\\\/\\\/laurumptahotel.com.ar\\\/politicas-de-privacidad-2\\\/\",\"url\":\"https:\\\/\\\/laurumptahotel.com.ar\\\/politicas-de-privacidad-2\\\/\",\"name\":\"Pol\u00edticas de Privacidad - La Urumpta Hotel &amp; Spa, AKEN MIND\",\"isPartOf\":{\"@id\":\"https:\\\/\\\/laurumptahotel.com.ar\\\/#website\"},\"primaryImageOfPage\":{\"@id\":\"https:\\\/\\\/laurumptahotel.com.ar\\\/politicas-de-privacidad-2\\\/#primaryimage\"},\"image\":{\"@id\":\"https:\\\/\\\/laurumptahotel.com.ar\\\/politicas-de-privacidad-2\\\/#primaryimage\"},\"thumbnailUrl\":\"https:\\\/\\\/laurumptahotel.com.ar\\\/wp-content\\\/uploads\\\/2024\\\/10\\\/urumpta-background.jpg\",\"datePublished\":\"2024-03-01T20:34:39+00:00\",\"dateModified\":\"2024-10-25T20:00:46+00:00\",\"breadcrumb\":{\"@id\":\"https:\\\/\\\/laurumptahotel.com.ar\\\/politicas-de-privacidad-2\\\/#breadcrumb\"},\"inLanguage\":\"en-US\",\"potentialAction\":[{\"@type\":\"ReadAction\",\"target\":[\"https:\\\/\\\/laurumptahotel.com.ar\\\/politicas-de-privacidad-2\\\/\"]}]},{\"@type\":\"ImageObject\",\"inLanguage\":\"en-US\",\"@id\":\"https:\\\/\\\/laurumptahotel.com.ar\\\/politicas-de-privacidad-2\\\/#primaryimage\",\"url\":\"https:\\\/\\\/laurumptahotel.com.ar\\\/wp-content\\\/uploads\\\/2024\\\/10\\\/urumpta-background.jpg\",\"contentUrl\":\"https:\\\/\\\/laurumptahotel.com.ar\\\/wp-content\\\/uploads\\\/2024\\\/10\\\/urumpta-background.jpg\",\"width\":2560,\"height\":1440},{\"@type\":\"BreadcrumbList\",\"@id\":\"https:\\\/\\\/laurumptahotel.com.ar\\\/politicas-de-privacidad-2\\\/#breadcrumb\",\"itemListElement\":[{\"@type\":\"ListItem\",\"position\":1,\"name\":\"Home\",\"item\":\"https:\\\/\\\/laurumptahotel.com.ar\\\/\"},{\"@type\":\"ListItem\",\"position\":2,\"name\":\"Pol\u00edticas de Privacidad\"}]},{\"@type\":\"WebSite\",\"@id\":\"https:\\\/\\\/laurumptahotel.com.ar\\\/#website\",\"url\":\"https:\\\/\\\/laurumptahotel.com.ar\\\/\",\"name\":\"La Urumpta Hotel & Spa, AKEN MIND\",\"description\":\"SUMERGE CUERPO Y MENTE EN EL ESP\u00cdRITU DE LA URUMPTA HOTEL\",\"publisher\":{\"@id\":\"https:\\\/\\\/laurumptahotel.com.ar\\\/#organization\"},\"alternateName\":\"La Urumpta Hotel & Spa, AKEN MIND\",\"potentialAction\":[{\"@type\":\"SearchAction\",\"target\":{\"@type\":\"EntryPoint\",\"urlTemplate\":\"https:\\\/\\\/laurumptahotel.com.ar\\\/?s={search_term_string}\"},\"query-input\":{\"@type\":\"PropertyValueSpecification\",\"valueRequired\":true,\"valueName\":\"search_term_string\"}}],\"inLanguage\":\"en-US\"},{\"@type\":\"Organization\",\"@id\":\"https:\\\/\\\/laurumptahotel.com.ar\\\/#organization\",\"name\":\"La Urumpta Hotel & Spa, AKEN MIND\",\"url\":\"https:\\\/\\\/laurumptahotel.com.ar\\\/\",\"logo\":{\"@type\":\"ImageObject\",\"inLanguage\":\"en-US\",\"@id\":\"https:\\\/\\\/laurumptahotel.com.ar\\\/#\\\/schema\\\/logo\\\/image\\\/\",\"url\":\"https:\\\/\\\/laurumptahotel.com.ar\\\/wp-content\\\/uploads\\\/2025\\\/08\\\/logo-urumpta-nuevo.svg\",\"contentUrl\":\"https:\\\/\\\/laurumptahotel.com.ar\\\/wp-content\\\/uploads\\\/2025\\\/08\\\/logo-urumpta-nuevo.svg\",\"width\":1803,\"height\":853,\"caption\":\"La Urumpta Hotel & Spa, AKEN MIND\"},\"image\":{\"@id\":\"https:\\\/\\\/laurumptahotel.com.ar\\\/#\\\/schema\\\/logo\\\/image\\\/\"},\"sameAs\":[\"https:\\\/\\\/facebook.com\\\/akenmindmerida\",\"https:\\\/\\\/instagram.com\\\/akenmindmerida\"]}]}<\/script>\n<!-- \/ Yoast SEO plugin. -->","yoast_head_json":{"title":"Pol\u00edti\u00adcas de Pri\u00advaci\u00addad \u2014 La Urump\u00adta Hotel &amp; Spa, AKEN MIND","robots":{"index":"index","follow":"follow","max-snippet":"max-snippet:-1","max-image-preview":"max-image-preview:large","max-video-preview":"max-video-preview:-1"},"canonical":"https:\/\/laurumptahotel.com.ar\/en\/politicas-de-privacidad-2\/","og_locale":"en_US","og_type":"article","og_title":"Pol\u00edticas de Privacidad - La Urumpta Hotel &amp; Spa, AKEN MIND","og_description":"Pol\u00edticas de Privacidad El hotel recopila informaci\u00f3n personal de los hu\u00e9spedes cuando realizan una reserva o se suscriben al bolet\u00edn de novedades. Es posible que se le solicite que ingrese su nombre, direcci\u00f3n de correo electr\u00f3nico, direcci\u00f3n postal, n\u00famero de tel\u00e9fono o informaci\u00f3n de su tarjeta de cr\u00e9dito. \u00bfPara qu\u00e9 utilizamos esta informaci\u00f3n?Cualquier informaci\u00f3n que ...","og_url":"https:\/\/laurumptahotel.com.ar\/en\/politicas-de-privacidad-2\/","og_site_name":"La Urumpta Hotel &amp; Spa, AKEN MIND","article_publisher":"https:\/\/facebook.com\/akenmindmerida","article_modified_time":"2024-10-25T20:00:46+00:00","og_image":[{"width":2048,"height":1166,"url":"https:\/\/laurumptahotel.com.ar\/wp-content\/uploads\/2024\/02\/green-palm-leaves-on-the-background-of-the-pool-s-2023-11-27-05-33-43-utc.webp","type":"image\/webp"}],"twitter_card":"summary_large_image","twitter_misc":{"Est. reading time":"2 minutes"},"schema":{"@context":"https:\/\/schema.org","@graph":[{"@type":"WebPage","@id":"https:\/\/laurumptahotel.com.ar\/politicas-de-privacidad-2\/","url":"https:\/\/laurumptahotel.com.ar\/politicas-de-privacidad-2\/","name":"Pol\u00edti\u00adcas de Pri\u00advaci\u00addad \u2014 La Urump\u00adta Hotel &amp; Spa, AKEN MIND","isPartOf":{"@id":"https:\/\/laurumptahotel.com.ar\/#website"},"primaryImageOfPage":{"@id":"https:\/\/laurumptahotel.com.ar\/politicas-de-privacidad-2\/#primaryimage"},"image":{"@id":"https:\/\/laurumptahotel.com.ar\/politicas-de-privacidad-2\/#primaryimage"},"thumbnailUrl":"https:\/\/laurumptahotel.com.ar\/wp-content\/uploads\/2024\/10\/urumpta-background.jpg","datePublished":"2024-03-01T20:34:39+00:00","dateModified":"2024-10-25T20:00:46+00:00","breadcrumb":{"@id":"https:\/\/laurumptahotel.com.ar\/politicas-de-privacidad-2\/#breadcrumb"},"inLanguage":"en-US","potentialAction":[{"@type":"ReadAction","target":["https:\/\/laurumptahotel.com.ar\/politicas-de-privacidad-2\/"]}]},{"@type":"ImageObject","inLanguage":"en-US","@id":"https:\/\/laurumptahotel.com.ar\/politicas-de-privacidad-2\/#primaryimage","url":"https:\/\/laurumptahotel.com.ar\/wp-content\/uploads\/2024\/10\/urumpta-background.jpg","contentUrl":"https:\/\/laurumptahotel.com.ar\/wp-content\/uploads\/2024\/10\/urumpta-background.jpg","width":2560,"height":1440},{"@type":"BreadcrumbList","@id":"https:\/\/laurumptahotel.com.ar\/politicas-de-privacidad-2\/#breadcrumb","itemListElement":[{"@type":"ListItem","position":1,"name":"Home","item":"https:\/\/laurumptahotel.com.ar\/"},{"@type":"ListItem","position":2,"name":"Pol\u00edticas de Privacidad"}]},{"@type":"WebSite","@id":"https:\/\/laurumptahotel.com.ar\/#website","url":"https:\/\/laurumptahotel.com.ar\/","name":"La Urump\u00adta Hotel &amp; Spa, AKEN MIND","description":"SUMERGE CUERPO Y MENTE EN EL ESP\u00cdRITU DE LA URUMPTA HOTEL","publisher":{"@id":"https:\/\/laurumptahotel.com.ar\/#organization"},"alternateName":"La Urumpta Hotel & Spa, AKEN MIND","potentialAction":[{"@type":"SearchAction","target":{"@type":"EntryPoint","urlTemplate":"https:\/\/laurumptahotel.com.ar\/?s={search_term_string}"},"query-input":{"@type":"PropertyValueSpecification","valueRequired":true,"valueName":"search_term_string"}}],"inLanguage":"en-US"},{"@type":"Organization","@id":"https:\/\/laurumptahotel.com.ar\/#organization","name":"La Urump\u00adta Hotel &amp; Spa, AKEN MIND","url":"https:\/\/laurumptahotel.com.ar\/","logo":{"@type":"ImageObject","inLanguage":"en-US","@id":"https:\/\/laurumptahotel.com.ar\/#\/schema\/logo\/image\/","url":"https:\/\/laurumptahotel.com.ar\/wp-content\/uploads\/2025\/08\/logo-urumpta-nuevo.svg","contentUrl":"https:\/\/laurumptahotel.com.ar\/wp-content\/uploads\/2025\/08\/logo-urumpta-nuevo.svg","width":1803,"height":853,"caption":"La Urumpta Hotel & Spa, AKEN MIND"},"image":{"@id":"https:\/\/laurumptahotel.com.ar\/#\/schema\/logo\/image\/"},"sameAs":["https:\/\/facebook.com\/akenmindmerida","https:\/\/instagram.com\/akenmindmerida"]}]}},"_links":{"self":[{"href":"https:\/\/laurumptahotel.com.ar\/en\/wp-json\/wp\/v2\/pages\/4945","targetHints":{"allow":["GET"]}}],"collection":[{"href":"https:\/\/laurumptahotel.com.ar\/en\/wp-json\/wp\/v2\/pages"}],"about":[{"href":"https:\/\/laurumptahotel.com.ar\/en\/wp-json\/wp\/v2\/types\/page"}],"author":[{"embeddable":true,"href":"https:\/\/laurumptahotel.com.ar\/en\/wp-json\/wp\/v2\/users\/6"}],"replies":[{"embeddable":true,"href":"https:\/\/laurumptahotel.com.ar\/en\/wp-json\/wp\/v2\/comments?post=4945"}],"version-history":[{"count":19,"href":"https:\/\/laurumptahotel.com.ar\/en\/wp-json\/wp\/v2\/pages\/4945\/revisions"}],"predecessor-version":[{"id":7935,"href":"https:\/\/laurumptahotel.com.ar\/en\/wp-json\/wp\/v2\/pages\/4945\/revisions\/7935"}],"wp:featuredmedia":[{"embeddable":true,"href":"https:\/\/laurumptahotel.com.ar\/en\/wp-json\/wp\/v2\/media\/7889"}],"wp:attachment":[{"href":"https:\/\/laurumptahotel.com.ar\/en\/wp-json\/wp\/v2\/media?parent=4945"}],"curies":[{"name":"wp","href":"https:\/\/api.w.org\/{rel}","templated":true}]}}