{"id":4964,"date":"2024-03-01T20:43:59","date_gmt":"2024-03-01T20:43:59","guid":{"rendered":"https:\/\/promociones.laurumptahotel.com.ar\/?page_id=4964"},"modified":"2025-09-29T16:42:58","modified_gmt":"2025-09-29T19:42:58","slug":"politicas-de-cancelacion","status":"publish","type":"page","link":"https:\/\/laurumptahotel.com.ar\/en\/politicas-de-cancelacion\/","title":{"rendered":"Can\u00adcel\u00adla\u00adtion Poli\u00adcies"},"content":{"rendered":"<div data-elementor-type=\"wp-page\" data-elementor-id=\"4964\" class=\"elementor elementor-4964\" data-elementor-post-type=\"page\">\n\t\t\t\t\t\t<section class=\"elementor-section elementor-top-section elementor-element elementor-element-97d6113 elementor-section-boxed elementor-section-height-default elementor-section-height-default\" data-id=\"97d6113\" data-element_type=\"section\" data-e-type=\"section\">\n\t\t\t\t\t\t<div class=\"elementor-container elementor-column-gap-default\">\n\t\t\t\t\t<div class=\"elementor-column elementor-col-100 elementor-top-column elementor-element elementor-element-51aec49\" data-id=\"51aec49\" data-element_type=\"column\" data-e-type=\"column\">\n\t\t\t<div class=\"elementor-widget-wrap elementor-element-populated\">\n\t\t\t\t\t\t<div class=\"elementor-element elementor-element-4c6bfb7 elementor-widget elementor-widget-heading\" data-id=\"4c6bfb7\" data-element_type=\"widget\" data-e-type=\"widget\" data-widget_type=\"heading.default\">\n\t\t\t\t<div class=\"elementor-widget-container\">\n\t\t\t\t\t<h2 class=\"elementor-heading-title elementor-size-default\">Cancellation Policies<\/h2>\t\t\t\t<\/div>\n\t\t\t\t<\/div>\n\t\t\t\t<div class=\"elementor-element elementor-element-95c3ed0 elementor-widget elementor-widget-spacer\" data-id=\"95c3ed0\" data-element_type=\"widget\" data-e-type=\"widget\" data-widget_type=\"spacer.default\">\n\t\t\t\t<div class=\"elementor-widget-container\">\n\t\t\t\t\t\t\t<div class=\"elementor-spacer\">\n\t\t\t<div class=\"elementor-spacer-inner\"><\/div>\n\t\t<\/div>\n\t\t\t\t\t\t<\/div>\n\t\t\t\t<\/div>\n\t\t\t\t\t<\/div>\n\t\t<\/div>\n\t\t\t\t\t<\/div>\n\t\t<\/section>\n\t\t\t\t<section class=\"elementor-section elementor-top-section elementor-element elementor-element-302bbac elementor-section-boxed elementor-section-height-default elementor-section-height-default\" data-id=\"302bbac\" data-element_type=\"section\" data-e-type=\"section\">\n\t\t\t\t\t\t<div class=\"elementor-container elementor-column-gap-default\">\n\t\t\t\t\t<div class=\"elementor-column elementor-col-100 elementor-top-column elementor-element elementor-element-78772db\" data-id=\"78772db\" data-element_type=\"column\" data-e-type=\"column\">\n\t\t\t<div class=\"elementor-widget-wrap elementor-element-populated\">\n\t\t\t\t\t\t<div class=\"elementor-element elementor-element-194e7ec elementor-widget elementor-widget-text-editor\" data-id=\"194e7ec\" data-element_type=\"widget\" data-e-type=\"widget\" data-widget_type=\"text-editor.default\">\n\t\t\t\t<div class=\"elementor-widget-container\">\n\t\t\t\t\t\t\t\t\t<p>If you can\u00adcel or mod\u00adi\u00adfy your guar\u00adan\u00adteed reser\u00adva\u00adtion with\u00adin 24 hours pri\u00ador to the check-in time of your reser\u00adva\u00adtion, you will be charged a penal\u00adty of 1 night\u2019s stay at the rate reserved. If the mod\u00adi\u00adfi\u00adca\u00adtion and\/or can\u00adcel\u00adla\u00adtion is made more than 24 hours pri\u00ador to the check-in time, you will not be charged this penal\u00adty. In both sit\u00adu\u00ada\u00adtions, if there is a cred\u00adit bal\u00adance, it will not be refund\u00aded, but will remain avail\u00adable for use for a peri\u00adod of 4 months (120 days) from the date of the reser\u00adva\u00adtion in ques\u00adtion. After this peri\u00adod, the amount will remain in favor of the Hotel.<\/p><p><strong>Remarks on rates and pay\u00adment meth\u00adods<\/strong><br>Rates quot\u00aded in U.S. dol\u00adlars can be paid in pesos at the offi\u00adcial exchange rate of Ban\u00adco Naci\u00f3n on the day of pay\u00adment. Please con\u00adtact us for bank details. Pay\u00adment can be made by cred\u00adit card (VISA, MASTERCARD, AMERICAN EXPRESS).<\/p><p><strong>War\u00adran\u00adty<\/strong><br>Regard\u00adless of the means by which you have made your reser\u00adva\u00adtion, a cred\u00adit card will be request\u00aded at check-in as a guar\u00adan\u00adtee of accom\u00admo\u00adda\u00adtion, extras, or both as appro\u00adpri\u00adate. This method can\u00adnot be replaced by any oth\u00ader method. No cash, deb\u00adit card, trans\u00adfer or pledge of pay\u00adment will be received instead. Please under\u00adstand that these are secu\u00adri\u00adty mea\u00adsures for the hotel but also for you.<\/p><p>In addi\u00adtion, if request\u00aded, this reser\u00adva\u00adtion may be con\u00adfirmed with the pay\u00adment of the first night\u2019s accom\u00admo\u00adda\u00adtion. This can be done by bank trans\u00adfer, bank deposit, off-line pay\u00adment by cred\u00adit card, pay\u00adment link or in per\u00adson at our estab\u00adlish\u00adment.<\/p><p>Once the guar\u00adan\u00adtee pay\u00adment has been made, please send the bank receipt by this means to reservas@laurumptahotel.com.ar. Once received, the invoice will be issued to the final con\u00adsumer. In case of need\u00ading spe\u00adcif\u00adic details in the invoice you must inform it when send\u00ading the vouch\u00ader, oth\u00ader\u00adwise it will be issued in the name of the hold\u00ader and will not be re-invoiced.<\/p>\t\t\t\t\t\t\t\t<\/div>\n\t\t\t\t<\/div>\n\t\t\t\t\t<\/div>\n\t\t<\/div>\n\t\t\t\t\t<\/div>\n\t\t<\/section>\n\t\t\t\t<\/div>","protected":false},"excerpt":{"rendered":"<p>Pol\u00edti\u00adcas de can\u00adcelaci\u00f3n Si can\u00adcela o mod\u00adi\u00adfi\u00adca la reser\u00adva garan\u00adti\u00adza\u00adda den\u00adtro de las 24 h. pre\u00advias al horario de check in de su reser\u00adva, deber\u00e1 abonar la penal\u00adizaci\u00f3n de 1 noche por el val\u00ador de la tar\u00adi\u00adfa reser\u00adva\u00adda. Si la mod\u00adi\u00adfi\u00adcaci\u00f3n y\/o can\u00adcelaci\u00f3n se real\u00adiza con antelaci\u00f3n may\u00ador a las 24 h. pre\u00advias al horario \u2026<\/p>","protected":false},"author":6,"featured_media":7889,"parent":0,"menu_order":0,"comment_status":"closed","ping_status":"closed","template":"","meta":{"wp_typography_post_enhancements_disabled":false,"cozystay_single_page_hide_site_header":"","cozystay_single_page_site_header_source":"","cozystay_single_page_custom_site_header":"0","cozystay_single_page_custom_sticky_site_header":"0","cozystay_single_page_hide_page_title":"","cozystay_single_page_header_section_size":"","cozystay_single_page_header_background_color":"","cozystay_single_page_header_background_position_x":"center","cozystay_single_page_header_background_position_y":"center","cozystay_single_page_header_background_size":"cover","cozystay_single_page_header_background_repeat":"off","cozystay_single_page_header_background_scroll":"on","cozystay_single_page_header_text_color":"","cozystay_single_page_header_show_breadcrumb":"","cozystay_single_page_site_footer_hide_main":"","cozystay_single_custom_site_footer_main_source":"","cozystay_single_custom_site_footer_main":"0","cozystay_single_page_site_footer_hide_above":"","cozystay_single_custom_site_footer_above_source":"","cozystay_single_custom_site_footer_above":"0","cozystay_single_page_site_footer_hide_instagram":"","cozystay_single_page_site_footer_hide_bottom":"","cozystay_single_custom_mobile_menu_source":"","cozystay_single_custom_mobile_menu":"0","cozystay_single_custom_mobile_menu_animation":"","cozystay_single_custom_mobile_menu_width":"","cozystay_single_custom_mobile_menu_custom_width":375,"footnotes":""},"class_list":["post-4964","page","type-page","status-publish","has-post-thumbnail","hentry"],"yoast_head":"<!-- This site is optimized with the Yoast SEO plugin v27.3 - https:\/\/yoast.com\/product\/yoast-seo-wordpress\/ -->\n<title>Pol\u00edticas de cancelaci\u00f3n - La Urumpta Hotel &amp; Spa, AKEN MIND<\/title>\n<meta name=\"robots\" content=\"index, follow, max-snippet:-1, max-image-preview:large, max-video-preview:-1\" \/>\n<link rel=\"canonical\" href=\"https:\/\/laurumptahotel.com.ar\/en\/politicas-de-cancelacion-2\/\" \/>\n<meta property=\"og:locale\" content=\"en_US\" \/>\n<meta property=\"og:type\" content=\"article\" \/>\n<meta property=\"og:title\" content=\"Pol\u00edticas de cancelaci\u00f3n - La Urumpta Hotel &amp; Spa, AKEN MIND\" \/>\n<meta property=\"og:description\" content=\"Pol\u00edticas de cancelaci\u00f3n Si cancela o modifica la reserva garantizada dentro de las 24 h. previas al horario de check in de su reserva, deber\u00e1 abonar la penalizaci\u00f3n de 1 noche por el valor de la tarifa reservada. Si la modificaci\u00f3n y\/o cancelaci\u00f3n se realiza con antelaci\u00f3n mayor a las 24 h. previas al horario ...\" \/>\n<meta property=\"og:url\" content=\"https:\/\/laurumptahotel.com.ar\/en\/politicas-de-cancelacion-2\/\" \/>\n<meta property=\"og:site_name\" content=\"La Urumpta Hotel &amp; Spa, AKEN MIND\" \/>\n<meta property=\"article:publisher\" content=\"https:\/\/facebook.com\/akenmindmerida\" \/>\n<meta property=\"article:modified_time\" content=\"2025-09-29T19:42:58+00:00\" \/>\n<meta property=\"og:image\" content=\"https:\/\/laurumptahotel.com.ar\/wp-content\/uploads\/2024\/02\/green-palm-leaves-on-the-background-of-the-pool-s-2023-11-27-05-33-43-utc.webp\" \/>\n\t<meta property=\"og:image:width\" content=\"2048\" \/>\n\t<meta property=\"og:image:height\" content=\"1166\" \/>\n\t<meta property=\"og:image:type\" content=\"image\/webp\" \/>\n<meta name=\"twitter:card\" content=\"summary_large_image\" \/>\n<meta name=\"twitter:label1\" content=\"Est. reading time\" \/>\n\t<meta name=\"twitter:data1\" content=\"1 minute\" \/>\n<script type=\"application\/ld+json\" class=\"yoast-schema-graph\">{\"@context\":\"https:\\\/\\\/schema.org\",\"@graph\":[{\"@type\":\"WebPage\",\"@id\":\"https:\\\/\\\/laurumptahotel.com.ar\\\/politicas-de-cancelacion-2\\\/\",\"url\":\"https:\\\/\\\/laurumptahotel.com.ar\\\/politicas-de-cancelacion-2\\\/\",\"name\":\"Pol\u00edticas de cancelaci\u00f3n - La Urumpta Hotel &amp; Spa, AKEN MIND\",\"isPartOf\":{\"@id\":\"https:\\\/\\\/laurumptahotel.com.ar\\\/#website\"},\"primaryImageOfPage\":{\"@id\":\"https:\\\/\\\/laurumptahotel.com.ar\\\/politicas-de-cancelacion-2\\\/#primaryimage\"},\"image\":{\"@id\":\"https:\\\/\\\/laurumptahotel.com.ar\\\/politicas-de-cancelacion-2\\\/#primaryimage\"},\"thumbnailUrl\":\"https:\\\/\\\/laurumptahotel.com.ar\\\/wp-content\\\/uploads\\\/2024\\\/10\\\/urumpta-background.jpg\",\"datePublished\":\"2024-03-01T20:43:59+00:00\",\"dateModified\":\"2025-09-29T19:42:58+00:00\",\"breadcrumb\":{\"@id\":\"https:\\\/\\\/laurumptahotel.com.ar\\\/politicas-de-cancelacion-2\\\/#breadcrumb\"},\"inLanguage\":\"en-US\",\"potentialAction\":[{\"@type\":\"ReadAction\",\"target\":[\"https:\\\/\\\/laurumptahotel.com.ar\\\/politicas-de-cancelacion-2\\\/\"]}]},{\"@type\":\"ImageObject\",\"inLanguage\":\"en-US\",\"@id\":\"https:\\\/\\\/laurumptahotel.com.ar\\\/politicas-de-cancelacion-2\\\/#primaryimage\",\"url\":\"https:\\\/\\\/laurumptahotel.com.ar\\\/wp-content\\\/uploads\\\/2024\\\/10\\\/urumpta-background.jpg\",\"contentUrl\":\"https:\\\/\\\/laurumptahotel.com.ar\\\/wp-content\\\/uploads\\\/2024\\\/10\\\/urumpta-background.jpg\",\"width\":2560,\"height\":1440},{\"@type\":\"BreadcrumbList\",\"@id\":\"https:\\\/\\\/laurumptahotel.com.ar\\\/politicas-de-cancelacion-2\\\/#breadcrumb\",\"itemListElement\":[{\"@type\":\"ListItem\",\"position\":1,\"name\":\"Home\",\"item\":\"https:\\\/\\\/laurumptahotel.com.ar\\\/\"},{\"@type\":\"ListItem\",\"position\":2,\"name\":\"Pol\u00edticas de cancelaci\u00f3n\"}]},{\"@type\":\"WebSite\",\"@id\":\"https:\\\/\\\/laurumptahotel.com.ar\\\/#website\",\"url\":\"https:\\\/\\\/laurumptahotel.com.ar\\\/\",\"name\":\"La Urumpta Hotel & Spa, AKEN MIND\",\"description\":\"SUMERGE CUERPO Y MENTE EN EL ESP\u00cdRITU DE LA URUMPTA HOTEL\",\"publisher\":{\"@id\":\"https:\\\/\\\/laurumptahotel.com.ar\\\/#organization\"},\"alternateName\":\"La Urumpta Hotel & Spa, AKEN MIND\",\"potentialAction\":[{\"@type\":\"SearchAction\",\"target\":{\"@type\":\"EntryPoint\",\"urlTemplate\":\"https:\\\/\\\/laurumptahotel.com.ar\\\/?s={search_term_string}\"},\"query-input\":{\"@type\":\"PropertyValueSpecification\",\"valueRequired\":true,\"valueName\":\"search_term_string\"}}],\"inLanguage\":\"en-US\"},{\"@type\":\"Organization\",\"@id\":\"https:\\\/\\\/laurumptahotel.com.ar\\\/#organization\",\"name\":\"La Urumpta Hotel & Spa, AKEN MIND\",\"url\":\"https:\\\/\\\/laurumptahotel.com.ar\\\/\",\"logo\":{\"@type\":\"ImageObject\",\"inLanguage\":\"en-US\",\"@id\":\"https:\\\/\\\/laurumptahotel.com.ar\\\/#\\\/schema\\\/logo\\\/image\\\/\",\"url\":\"https:\\\/\\\/laurumptahotel.com.ar\\\/wp-content\\\/uploads\\\/2025\\\/08\\\/logo-urumpta-nuevo.svg\",\"contentUrl\":\"https:\\\/\\\/laurumptahotel.com.ar\\\/wp-content\\\/uploads\\\/2025\\\/08\\\/logo-urumpta-nuevo.svg\",\"width\":1803,\"height\":853,\"caption\":\"La Urumpta Hotel & Spa, AKEN MIND\"},\"image\":{\"@id\":\"https:\\\/\\\/laurumptahotel.com.ar\\\/#\\\/schema\\\/logo\\\/image\\\/\"},\"sameAs\":[\"https:\\\/\\\/facebook.com\\\/akenmindmerida\",\"https:\\\/\\\/instagram.com\\\/akenmindmerida\"]}]}<\/script>\n<!-- \/ Yoast SEO plugin. -->","yoast_head_json":{"title":"Pol\u00edti\u00adcas de can\u00adcelaci\u00f3n \u2014 La Urump\u00adta Hotel &amp; Spa, AKEN MIND","robots":{"index":"index","follow":"follow","max-snippet":"max-snippet:-1","max-image-preview":"max-image-preview:large","max-video-preview":"max-video-preview:-1"},"canonical":"https:\/\/laurumptahotel.com.ar\/en\/politicas-de-cancelacion-2\/","og_locale":"en_US","og_type":"article","og_title":"Pol\u00edticas de cancelaci\u00f3n - La Urumpta Hotel &amp; Spa, AKEN MIND","og_description":"Pol\u00edticas de cancelaci\u00f3n Si cancela o modifica la reserva garantizada dentro de las 24 h. previas al horario de check in de su reserva, deber\u00e1 abonar la penalizaci\u00f3n de 1 noche por el valor de la tarifa reservada. Si la modificaci\u00f3n y\/o cancelaci\u00f3n se realiza con antelaci\u00f3n mayor a las 24 h. previas al horario ...","og_url":"https:\/\/laurumptahotel.com.ar\/en\/politicas-de-cancelacion-2\/","og_site_name":"La Urumpta Hotel &amp; Spa, AKEN MIND","article_publisher":"https:\/\/facebook.com\/akenmindmerida","article_modified_time":"2025-09-29T19:42:58+00:00","og_image":[{"width":2048,"height":1166,"url":"https:\/\/laurumptahotel.com.ar\/wp-content\/uploads\/2024\/02\/green-palm-leaves-on-the-background-of-the-pool-s-2023-11-27-05-33-43-utc.webp","type":"image\/webp"}],"twitter_card":"summary_large_image","twitter_misc":{"Est. reading time":"1 minute"},"schema":{"@context":"https:\/\/schema.org","@graph":[{"@type":"WebPage","@id":"https:\/\/laurumptahotel.com.ar\/politicas-de-cancelacion-2\/","url":"https:\/\/laurumptahotel.com.ar\/politicas-de-cancelacion-2\/","name":"Pol\u00edti\u00adcas de can\u00adcelaci\u00f3n \u2014 La Urump\u00adta Hotel &amp; Spa, AKEN MIND","isPartOf":{"@id":"https:\/\/laurumptahotel.com.ar\/#website"},"primaryImageOfPage":{"@id":"https:\/\/laurumptahotel.com.ar\/politicas-de-cancelacion-2\/#primaryimage"},"image":{"@id":"https:\/\/laurumptahotel.com.ar\/politicas-de-cancelacion-2\/#primaryimage"},"thumbnailUrl":"https:\/\/laurumptahotel.com.ar\/wp-content\/uploads\/2024\/10\/urumpta-background.jpg","datePublished":"2024-03-01T20:43:59+00:00","dateModified":"2025-09-29T19:42:58+00:00","breadcrumb":{"@id":"https:\/\/laurumptahotel.com.ar\/politicas-de-cancelacion-2\/#breadcrumb"},"inLanguage":"en-US","potentialAction":[{"@type":"ReadAction","target":["https:\/\/laurumptahotel.com.ar\/politicas-de-cancelacion-2\/"]}]},{"@type":"ImageObject","inLanguage":"en-US","@id":"https:\/\/laurumptahotel.com.ar\/politicas-de-cancelacion-2\/#primaryimage","url":"https:\/\/laurumptahotel.com.ar\/wp-content\/uploads\/2024\/10\/urumpta-background.jpg","contentUrl":"https:\/\/laurumptahotel.com.ar\/wp-content\/uploads\/2024\/10\/urumpta-background.jpg","width":2560,"height":1440},{"@type":"BreadcrumbList","@id":"https:\/\/laurumptahotel.com.ar\/politicas-de-cancelacion-2\/#breadcrumb","itemListElement":[{"@type":"ListItem","position":1,"name":"Home","item":"https:\/\/laurumptahotel.com.ar\/"},{"@type":"ListItem","position":2,"name":"Pol\u00edticas de cancelaci\u00f3n"}]},{"@type":"WebSite","@id":"https:\/\/laurumptahotel.com.ar\/#website","url":"https:\/\/laurumptahotel.com.ar\/","name":"La Urump\u00adta Hotel &amp; Spa, AKEN MIND","description":"SUMERGE CUERPO Y MENTE EN EL ESP\u00cdRITU DE LA URUMPTA HOTEL","publisher":{"@id":"https:\/\/laurumptahotel.com.ar\/#organization"},"alternateName":"La Urumpta Hotel & Spa, AKEN MIND","potentialAction":[{"@type":"SearchAction","target":{"@type":"EntryPoint","urlTemplate":"https:\/\/laurumptahotel.com.ar\/?s={search_term_string}"},"query-input":{"@type":"PropertyValueSpecification","valueRequired":true,"valueName":"search_term_string"}}],"inLanguage":"en-US"},{"@type":"Organization","@id":"https:\/\/laurumptahotel.com.ar\/#organization","name":"La Urump\u00adta Hotel &amp; Spa, AKEN MIND","url":"https:\/\/laurumptahotel.com.ar\/","logo":{"@type":"ImageObject","inLanguage":"en-US","@id":"https:\/\/laurumptahotel.com.ar\/#\/schema\/logo\/image\/","url":"https:\/\/laurumptahotel.com.ar\/wp-content\/uploads\/2025\/08\/logo-urumpta-nuevo.svg","contentUrl":"https:\/\/laurumptahotel.com.ar\/wp-content\/uploads\/2025\/08\/logo-urumpta-nuevo.svg","width":1803,"height":853,"caption":"La Urumpta Hotel & Spa, AKEN MIND"},"image":{"@id":"https:\/\/laurumptahotel.com.ar\/#\/schema\/logo\/image\/"},"sameAs":["https:\/\/facebook.com\/akenmindmerida","https:\/\/instagram.com\/akenmindmerida"]}]}},"_links":{"self":[{"href":"https:\/\/laurumptahotel.com.ar\/en\/wp-json\/wp\/v2\/pages\/4964","targetHints":{"allow":["GET"]}}],"collection":[{"href":"https:\/\/laurumptahotel.com.ar\/en\/wp-json\/wp\/v2\/pages"}],"about":[{"href":"https:\/\/laurumptahotel.com.ar\/en\/wp-json\/wp\/v2\/types\/page"}],"author":[{"embeddable":true,"href":"https:\/\/laurumptahotel.com.ar\/en\/wp-json\/wp\/v2\/users\/6"}],"replies":[{"embeddable":true,"href":"https:\/\/laurumptahotel.com.ar\/en\/wp-json\/wp\/v2\/comments?post=4964"}],"version-history":[{"count":10,"href":"https:\/\/laurumptahotel.com.ar\/en\/wp-json\/wp\/v2\/pages\/4964\/revisions"}],"predecessor-version":[{"id":9883,"href":"https:\/\/laurumptahotel.com.ar\/en\/wp-json\/wp\/v2\/pages\/4964\/revisions\/9883"}],"wp:featuredmedia":[{"embeddable":true,"href":"https:\/\/laurumptahotel.com.ar\/en\/wp-json\/wp\/v2\/media\/7889"}],"wp:attachment":[{"href":"https:\/\/laurumptahotel.com.ar\/en\/wp-json\/wp\/v2\/media?parent=4964"}],"curies":[{"name":"wp","href":"https:\/\/api.w.org\/{rel}","templated":true}]}}