{"id":4945,"date":"2024-03-01T20:34:39","date_gmt":"2024-03-01T20:34:39","guid":{"rendered":"https:\/\/promociones.laurumptahotel.com.ar\/?page_id=4945"},"modified":"2024-10-25T20:00:46","modified_gmt":"2024-10-25T20:00:46","slug":"politicas-de-privacidad","status":"publish","type":"page","link":"https:\/\/laurumptahotel.com.ar\/es\/politicas-de-privacidad\/","title":{"rendered":"Pol\u00edticas de Privacidad"},"content":{"rendered":"\t\t<div data-elementor-type=\"wp-page\" data-elementor-id=\"4945\" class=\"elementor elementor-4945\" data-elementor-post-type=\"page\">\n\t\t\t\t\t\t<section class=\"elementor-section elementor-top-section elementor-element elementor-element-97d6113 elementor-section-boxed elementor-section-height-default elementor-section-height-default\" data-id=\"97d6113\" data-element_type=\"section\" data-e-type=\"section\">\n\t\t\t\t\t\t<div class=\"elementor-container elementor-column-gap-default\">\n\t\t\t\t\t<div class=\"elementor-column elementor-col-100 elementor-top-column elementor-element elementor-element-51aec49\" data-id=\"51aec49\" data-element_type=\"column\" data-e-type=\"column\">\n\t\t\t<div class=\"elementor-widget-wrap elementor-element-populated\">\n\t\t\t\t\t\t<div class=\"elementor-element elementor-element-4c6bfb7 elementor-widget elementor-widget-heading\" data-id=\"4c6bfb7\" data-element_type=\"widget\" data-e-type=\"widget\" data-widget_type=\"heading.default\">\n\t\t\t\t<div class=\"elementor-widget-container\">\n\t\t\t\t\t<h2 class=\"elementor-heading-title elementor-size-default\">Pol\u00edticas de Privacidad<\/h2>\t\t\t\t<\/div>\n\t\t\t\t<\/div>\n\t\t\t\t<div class=\"elementor-element elementor-element-95c3ed0 elementor-widget elementor-widget-spacer\" data-id=\"95c3ed0\" data-element_type=\"widget\" data-e-type=\"widget\" data-widget_type=\"spacer.default\">\n\t\t\t\t<div class=\"elementor-widget-container\">\n\t\t\t\t\t\t\t<div class=\"elementor-spacer\">\n\t\t\t<div class=\"elementor-spacer-inner\"><\/div>\n\t\t<\/div>\n\t\t\t\t\t\t<\/div>\n\t\t\t\t<\/div>\n\t\t\t\t\t<\/div>\n\t\t<\/div>\n\t\t\t\t\t<\/div>\n\t\t<\/section>\n\t\t\t\t<section class=\"elementor-section elementor-top-section elementor-element elementor-element-302bbac elementor-section-boxed elementor-section-height-default elementor-section-height-default\" data-id=\"302bbac\" data-element_type=\"section\" data-e-type=\"section\">\n\t\t\t\t\t\t<div class=\"elementor-container elementor-column-gap-default\">\n\t\t\t\t\t<div class=\"elementor-column elementor-col-100 elementor-top-column elementor-element elementor-element-78772db\" data-id=\"78772db\" data-element_type=\"column\" data-e-type=\"column\">\n\t\t\t<div class=\"elementor-widget-wrap elementor-element-populated\">\n\t\t\t\t\t\t<div class=\"elementor-element elementor-element-194e7ec elementor-widget elementor-widget-text-editor\" data-id=\"194e7ec\" data-element_type=\"widget\" data-e-type=\"widget\" data-widget_type=\"text-editor.default\">\n\t\t\t\t<div class=\"elementor-widget-container\">\n\t\t\t\t\t\t\t\t\t<p>El hotel recopi\u00adla infor\u00adma\u00adci\u00f3n per\u00adson\u00adal de los hu\u00e9s\u00adpedes cuan\u00addo real\u00adizan una reser\u00adva o se suscriben al bolet\u00edn de novedades. Es posi\u00adble que se le solicite que ingrese su nom\u00adbre, direc\u00adci\u00f3n de correo elec\u00adtr\u00f3ni\u00adco, direc\u00adci\u00f3n postal, n\u00famero de tel\u00e9\u00adfono o infor\u00adma\u00adci\u00f3n de su tar\u00adje\u00adta de cr\u00e9di\u00adto.<br><br><strong>\u00bfPara qu\u00e9 uti\u00adlizamos esta infor\u00adma\u00adci\u00f3n?<br><\/strong><br>Cualquier infor\u00adma\u00adci\u00f3n que recopile\u00admos puede ser uti\u00adliza\u00adda para:<\/p><ul><li>Enviar corre\u00ados elec\u00adtr\u00f3ni\u00adcos infor\u00adma\u00adtivos.<\/li><li>Proce\u00adsar pedi\u00addos y enviar actu\u00adal\u00adiza\u00adciones rela\u00adcionadas con su reser\u00adva.<\/li><li>Pro\u00adpor\u00adcionar noti\u00adcias oca\u00adsion\u00adales de la empre\u00adsa, actu\u00adal\u00adiza\u00adciones, infor\u00adma\u00adci\u00f3n sobre pro\u00adduc\u00adtos o ser\u00advi\u00adcios, etc.<\/li><li>Proce\u00adsar transac\u00adciones: conc\u00adre\u00adtar pagos rela\u00adciona\u00addos con su reser\u00adva y solic\u00adi\u00adtudes.<\/li><\/ul><p>Su infor\u00adma\u00adci\u00f3n, ya sea p\u00fabli\u00adca o pri\u00adva\u00adda, no ser\u00e1 ven\u00addi\u00adda, inter\u00adcam\u00adbi\u00ada\u00adda, trans\u00adferi\u00adda ni entre\u00adga\u00adda a ningu\u00adna otra empre\u00adsa por ning\u00fan moti\u00advo que no sea el expre\u00adso prop\u00f3si\u00adto de entre\u00adgar el pro\u00adduc\u00adto o ser\u00advi\u00adcio solic\u00adi\u00adta\u00addo.<br><br>Si en cualquier momen\u00adto desea darse de baja para dejar de recibir corre\u00ados elec\u00adtr\u00f3ni\u00adcos, puede can\u00adce\u00adlar su suscrip\u00adci\u00f3n en la parte infe\u00adri\u00ador de cada correo.<br><br><strong>Enlaces a ter\u00adceros<\/strong><br>Oca\u00adsion\u00adal\u00admente, podemos incluir u ofre\u00adcer pro\u00adduc\u00adtos o ser\u00advi\u00adcios de ter\u00adceros en nue\u00adstro sitio web. Estos sitios tienen pol\u00edti\u00adcas de pri\u00advaci\u00addad sep\u00ada\u00adradas e inde\u00adpen\u00addi\u00adentes. No nos hace\u00admos respon\u00ads\u00adables por el con\u00adtenido o las activi\u00addades de dichos sitios. No obstante, bus\u00adcamos pro\u00adte\u00adger la inte\u00adgri\u00addad de nue\u00adstro sitio y agrade\u00adce\u00admos cualquier comen\u00adtario sobre estos enlaces.<br><br><strong>Menores<\/strong><br>Los menores de 18 a\u00f1os deben hospedarse siem\u00adpre acom\u00adpa\u00f1a\u00addos por un adul\u00adto en la habitaci\u00f3n. Es indis\u00adpens\u00adable que el menor est\u00e9 acom\u00adpa\u00f1a\u00addo por su madre, padre o tutor legal para el reg\u00adistro. En caso de per\u00admisos espe\u00adciales para via\u00adjar con menores, antes de reser\u00advar, por favor con\u00adt\u00e1ctese con nosotros a reservas@laurumptahotel.com.ar o al Tel: +54 0358 4653571 para con\u00adsul\u00adtar la doc\u00adu\u00admentaci\u00f3n nece\u00adsaria.<br><br><strong>Con\u00adsen\u00adtimien\u00adto<\/strong><br>Al uti\u00adlizar nue\u00adstro sitio web y motor de reser\u00advas, ust\u00aded acep\u00adta nues\u00adtra pol\u00edti\u00adca de pri\u00advaci\u00addad y condi\u00adciones del sitio.<\/p>\t\t\t\t\t\t\t\t<\/div>\n\t\t\t\t<\/div>\n\t\t\t\t\t<\/div>\n\t\t<\/div>\n\t\t\t\t\t<\/div>\n\t\t<\/section>\n\t\t\t\t<\/div>\n\t\t","protected":false},"excerpt":{"rendered":"<p>Pol\u00edti\u00adcas de Pri\u00advaci\u00addad El hotel recopi\u00adla infor\u00adma\u00adci\u00f3n per\u00adson\u00adal de los hu\u00e9s\u00adpedes cuan\u00addo real\u00adizan una reser\u00adva o se suscriben al bolet\u00edn de novedades. Es posi\u00adble que se le solicite que ingrese su nom\u00adbre, direc\u00adci\u00f3n de correo elec\u00adtr\u00f3ni\u00adco, direc\u00adci\u00f3n postal, n\u00famero de tel\u00e9\u00adfono o infor\u00adma\u00adci\u00f3n de su tar\u00adje\u00adta de cr\u00e9di\u00adto. \u00bfPara qu\u00e9 uti\u00adlizamos esta infor\u00adma\u00adci\u00f3n?Cualquier infor\u00adma\u00adci\u00f3n que \u2026<\/p>\n","protected":false},"author":6,"featured_media":7889,"parent":0,"menu_order":0,"comment_status":"closed","ping_status":"closed","template":"","meta":{"wp_typography_post_enhancements_disabled":false,"cozystay_single_page_hide_site_header":"","cozystay_single_page_site_header_source":"","cozystay_single_page_custom_site_header":"0","cozystay_single_page_custom_sticky_site_header":"0","cozystay_single_page_hide_page_title":"","cozystay_single_page_header_section_size":"","cozystay_single_page_header_background_color":"","cozystay_single_page_header_background_position_x":"center","cozystay_single_page_header_background_position_y":"center","cozystay_single_page_header_background_size":"cover","cozystay_single_page_header_background_repeat":"off","cozystay_single_page_header_background_scroll":"on","cozystay_single_page_header_text_color":"","cozystay_single_page_header_show_breadcrumb":"","cozystay_single_page_site_footer_hide_main":"","cozystay_single_custom_site_footer_main_source":"","cozystay_single_custom_site_footer_main":"0","cozystay_single_page_site_footer_hide_above":"","cozystay_single_custom_site_footer_above_source":"","cozystay_single_custom_site_footer_above":"0","cozystay_single_page_site_footer_hide_instagram":"","cozystay_single_page_site_footer_hide_bottom":"","cozystay_single_custom_mobile_menu_source":"","cozystay_single_custom_mobile_menu":"0","cozystay_single_custom_mobile_menu_animation":"","cozystay_single_custom_mobile_menu_width":"","cozystay_single_custom_mobile_menu_custom_width":375,"footnotes":""},"class_list":["post-4945","page","type-page","status-publish","has-post-thumbnail","hentry"],"yoast_head":"<!-- This site is optimized with the Yoast SEO plugin v27.3 - https:\/\/yoast.com\/product\/yoast-seo-wordpress\/ -->\n<title>Pol\u00edticas de Privacidad - La Urumpta Hotel &amp; Spa, AKEN MIND<\/title>\n<meta name=\"robots\" content=\"index, follow, max-snippet:-1, max-image-preview:large, max-video-preview:-1\" \/>\n<link rel=\"canonical\" href=\"https:\/\/laurumptahotel.com.ar\/es\/politicas-de-privacidad-2\/\" \/>\n<meta property=\"og:locale\" content=\"es_ES\" \/>\n<meta property=\"og:type\" content=\"article\" \/>\n<meta property=\"og:title\" content=\"Pol\u00edticas de Privacidad - La Urumpta Hotel &amp; Spa, AKEN MIND\" \/>\n<meta property=\"og:description\" content=\"Pol\u00edticas de Privacidad El hotel recopi\u00adla infor\u00adma\u00adci\u00f3n per\u00adson\u00adal de los hu\u00e9s\u00adpedes cuan\u00addo real\u00adizan una reser\u00adva o se suscriben al bolet\u00edn de novedades. Es posi\u00adble que se le solicite que ingrese su nom\u00adbre, direc\u00adci\u00f3n de correo elec\u00adtr\u00f3ni\u00adco, direc\u00adci\u00f3n postal, n\u00famero de tel\u00e9\u00adfono o infor\u00adma\u00adci\u00f3n de su tar\u00adje\u00adta de cr\u00e9di\u00adto. \u00bfPara qu\u00e9 uti\u00adlizamos esta infor\u00adma\u00adci\u00f3n?Cualquier infor\u00adma\u00adci\u00f3n que ...\" \/>\n<meta property=\"og:url\" content=\"https:\/\/laurumptahotel.com.ar\/es\/politicas-de-privacidad-2\/\" \/>\n<meta property=\"og:site_name\" content=\"La Urumpta Hotel &amp; Spa, AKEN MIND\" \/>\n<meta property=\"article:publisher\" content=\"https:\/\/facebook.com\/akenmindmerida\" \/>\n<meta property=\"article:modified_time\" content=\"2024-10-25T20:00:46+00:00\" \/>\n<meta property=\"og:image\" content=\"https:\/\/laurumptahotel.com.ar\/wp-content\/uploads\/2024\/02\/green-palm-leaves-on-the-background-of-the-pool-s-2023-11-27-05-33-43-utc.webp\" \/>\n\t<meta property=\"og:image:width\" content=\"2048\" \/>\n\t<meta property=\"og:image:height\" content=\"1166\" \/>\n\t<meta property=\"og:image:type\" content=\"image\/webp\" \/>\n<meta name=\"twitter:card\" content=\"summary_large_image\" \/>\n<meta name=\"twitter:label1\" content=\"Tiempo de lectura\" \/>\n\t<meta name=\"twitter:data1\" content=\"2 minutos\" \/>\n<script type=\"application\/ld+json\" class=\"yoast-schema-graph\">{\"@context\":\"https:\\\/\\\/schema.org\",\"@graph\":[{\"@type\":\"WebPage\",\"@id\":\"https:\\\/\\\/laurumptahotel.com.ar\\\/politicas-de-privacidad-2\\\/\",\"url\":\"https:\\\/\\\/laurumptahotel.com.ar\\\/politicas-de-privacidad-2\\\/\",\"name\":\"Pol\u00edticas de Privacidad - La Urumpta Hotel &amp; Spa, AKEN MIND\",\"isPartOf\":{\"@id\":\"https:\\\/\\\/laurumptahotel.com.ar\\\/#website\"},\"primaryImageOfPage\":{\"@id\":\"https:\\\/\\\/laurumptahotel.com.ar\\\/politicas-de-privacidad-2\\\/#primaryimage\"},\"image\":{\"@id\":\"https:\\\/\\\/laurumptahotel.com.ar\\\/politicas-de-privacidad-2\\\/#primaryimage\"},\"thumbnailUrl\":\"https:\\\/\\\/laurumptahotel.com.ar\\\/wp-content\\\/uploads\\\/2024\\\/10\\\/urumpta-background.jpg\",\"datePublished\":\"2024-03-01T20:34:39+00:00\",\"dateModified\":\"2024-10-25T20:00:46+00:00\",\"breadcrumb\":{\"@id\":\"https:\\\/\\\/laurumptahotel.com.ar\\\/politicas-de-privacidad-2\\\/#breadcrumb\"},\"inLanguage\":\"es\",\"potentialAction\":[{\"@type\":\"ReadAction\",\"target\":[\"https:\\\/\\\/laurumptahotel.com.ar\\\/politicas-de-privacidad-2\\\/\"]}]},{\"@type\":\"ImageObject\",\"inLanguage\":\"es\",\"@id\":\"https:\\\/\\\/laurumptahotel.com.ar\\\/politicas-de-privacidad-2\\\/#primaryimage\",\"url\":\"https:\\\/\\\/laurumptahotel.com.ar\\\/wp-content\\\/uploads\\\/2024\\\/10\\\/urumpta-background.jpg\",\"contentUrl\":\"https:\\\/\\\/laurumptahotel.com.ar\\\/wp-content\\\/uploads\\\/2024\\\/10\\\/urumpta-background.jpg\",\"width\":2560,\"height\":1440},{\"@type\":\"BreadcrumbList\",\"@id\":\"https:\\\/\\\/laurumptahotel.com.ar\\\/politicas-de-privacidad-2\\\/#breadcrumb\",\"itemListElement\":[{\"@type\":\"ListItem\",\"position\":1,\"name\":\"Home\",\"item\":\"https:\\\/\\\/laurumptahotel.com.ar\\\/\"},{\"@type\":\"ListItem\",\"position\":2,\"name\":\"Pol\u00edticas de Privacidad\"}]},{\"@type\":\"WebSite\",\"@id\":\"https:\\\/\\\/laurumptahotel.com.ar\\\/#website\",\"url\":\"https:\\\/\\\/laurumptahotel.com.ar\\\/\",\"name\":\"La Urumpta Hotel & Spa, AKEN MIND\",\"description\":\"SUMERGE CUERPO Y MENTE EN EL ESP\u00cdRITU DE LA URUMPTA HOTEL\",\"publisher\":{\"@id\":\"https:\\\/\\\/laurumptahotel.com.ar\\\/#organization\"},\"alternateName\":\"La Urumpta Hotel & Spa, AKEN MIND\",\"potentialAction\":[{\"@type\":\"SearchAction\",\"target\":{\"@type\":\"EntryPoint\",\"urlTemplate\":\"https:\\\/\\\/laurumptahotel.com.ar\\\/?s={search_term_string}\"},\"query-input\":{\"@type\":\"PropertyValueSpecification\",\"valueRequired\":true,\"valueName\":\"search_term_string\"}}],\"inLanguage\":\"es\"},{\"@type\":\"Organization\",\"@id\":\"https:\\\/\\\/laurumptahotel.com.ar\\\/#organization\",\"name\":\"La Urumpta Hotel & Spa, AKEN MIND\",\"url\":\"https:\\\/\\\/laurumptahotel.com.ar\\\/\",\"logo\":{\"@type\":\"ImageObject\",\"inLanguage\":\"es\",\"@id\":\"https:\\\/\\\/laurumptahotel.com.ar\\\/#\\\/schema\\\/logo\\\/image\\\/\",\"url\":\"https:\\\/\\\/laurumptahotel.com.ar\\\/wp-content\\\/uploads\\\/2025\\\/08\\\/logo-urumpta-nuevo.svg\",\"contentUrl\":\"https:\\\/\\\/laurumptahotel.com.ar\\\/wp-content\\\/uploads\\\/2025\\\/08\\\/logo-urumpta-nuevo.svg\",\"width\":1803,\"height\":853,\"caption\":\"La Urumpta Hotel & Spa, AKEN MIND\"},\"image\":{\"@id\":\"https:\\\/\\\/laurumptahotel.com.ar\\\/#\\\/schema\\\/logo\\\/image\\\/\"},\"sameAs\":[\"https:\\\/\\\/facebook.com\\\/akenmindmerida\",\"https:\\\/\\\/instagram.com\\\/akenmindmerida\"]}]}<\/script>\n<!-- \/ Yoast SEO plugin. -->","yoast_head_json":{"title":"Pol\u00edticas de Privacidad - La Urumpta Hotel &amp; Spa, AKEN MIND","robots":{"index":"index","follow":"follow","max-snippet":"max-snippet:-1","max-image-preview":"max-image-preview:large","max-video-preview":"max-video-preview:-1"},"canonical":"https:\/\/laurumptahotel.com.ar\/es\/politicas-de-privacidad-2\/","og_locale":"es_ES","og_type":"article","og_title":"Pol\u00edticas de Privacidad - La Urumpta Hotel &amp; Spa, AKEN MIND","og_description":"Pol\u00edticas de Privacidad El hotel recopi\u00adla infor\u00adma\u00adci\u00f3n per\u00adson\u00adal de los hu\u00e9s\u00adpedes cuan\u00addo real\u00adizan una reser\u00adva o se suscriben al bolet\u00edn de novedades. Es posi\u00adble que se le solicite que ingrese su nom\u00adbre, direc\u00adci\u00f3n de correo elec\u00adtr\u00f3ni\u00adco, direc\u00adci\u00f3n postal, n\u00famero de tel\u00e9\u00adfono o infor\u00adma\u00adci\u00f3n de su tar\u00adje\u00adta de cr\u00e9di\u00adto. \u00bfPara qu\u00e9 uti\u00adlizamos esta infor\u00adma\u00adci\u00f3n?Cualquier infor\u00adma\u00adci\u00f3n que ...","og_url":"https:\/\/laurumptahotel.com.ar\/es\/politicas-de-privacidad-2\/","og_site_name":"La Urumpta Hotel &amp; Spa, AKEN MIND","article_publisher":"https:\/\/facebook.com\/akenmindmerida","article_modified_time":"2024-10-25T20:00:46+00:00","og_image":[{"width":2048,"height":1166,"url":"https:\/\/laurumptahotel.com.ar\/wp-content\/uploads\/2024\/02\/green-palm-leaves-on-the-background-of-the-pool-s-2023-11-27-05-33-43-utc.webp","type":"image\/webp"}],"twitter_card":"summary_large_image","twitter_misc":{"Tiempo de lectura":"2 minutos"},"schema":{"@context":"https:\/\/schema.org","@graph":[{"@type":"WebPage","@id":"https:\/\/laurumptahotel.com.ar\/politicas-de-privacidad-2\/","url":"https:\/\/laurumptahotel.com.ar\/politicas-de-privacidad-2\/","name":"Pol\u00edticas de Privacidad - La Urumpta Hotel &amp; Spa, AKEN MIND","isPartOf":{"@id":"https:\/\/laurumptahotel.com.ar\/#website"},"primaryImageOfPage":{"@id":"https:\/\/laurumptahotel.com.ar\/politicas-de-privacidad-2\/#primaryimage"},"image":{"@id":"https:\/\/laurumptahotel.com.ar\/politicas-de-privacidad-2\/#primaryimage"},"thumbnailUrl":"https:\/\/laurumptahotel.com.ar\/wp-content\/uploads\/2024\/10\/urumpta-background.jpg","datePublished":"2024-03-01T20:34:39+00:00","dateModified":"2024-10-25T20:00:46+00:00","breadcrumb":{"@id":"https:\/\/laurumptahotel.com.ar\/politicas-de-privacidad-2\/#breadcrumb"},"inLanguage":"es","potentialAction":[{"@type":"ReadAction","target":["https:\/\/laurumptahotel.com.ar\/politicas-de-privacidad-2\/"]}]},{"@type":"ImageObject","inLanguage":"es","@id":"https:\/\/laurumptahotel.com.ar\/politicas-de-privacidad-2\/#primaryimage","url":"https:\/\/laurumptahotel.com.ar\/wp-content\/uploads\/2024\/10\/urumpta-background.jpg","contentUrl":"https:\/\/laurumptahotel.com.ar\/wp-content\/uploads\/2024\/10\/urumpta-background.jpg","width":2560,"height":1440},{"@type":"BreadcrumbList","@id":"https:\/\/laurumptahotel.com.ar\/politicas-de-privacidad-2\/#breadcrumb","itemListElement":[{"@type":"ListItem","position":1,"name":"Home","item":"https:\/\/laurumptahotel.com.ar\/"},{"@type":"ListItem","position":2,"name":"Pol\u00edticas de Privacidad"}]},{"@type":"WebSite","@id":"https:\/\/laurumptahotel.com.ar\/#website","url":"https:\/\/laurumptahotel.com.ar\/","name":"La Urumpta Hotel & Spa, AKEN MIND","description":"SUMERGE CUERPO Y MENTE EN EL ESP\u00cdRITU DE LA URUMPTA HOTEL","publisher":{"@id":"https:\/\/laurumptahotel.com.ar\/#organization"},"alternateName":"La Urumpta Hotel & Spa, AKEN MIND","potentialAction":[{"@type":"SearchAction","target":{"@type":"EntryPoint","urlTemplate":"https:\/\/laurumptahotel.com.ar\/?s={search_term_string}"},"query-input":{"@type":"PropertyValueSpecification","valueRequired":true,"valueName":"search_term_string"}}],"inLanguage":"es"},{"@type":"Organization","@id":"https:\/\/laurumptahotel.com.ar\/#organization","name":"La Urumpta Hotel & Spa, AKEN MIND","url":"https:\/\/laurumptahotel.com.ar\/","logo":{"@type":"ImageObject","inLanguage":"es","@id":"https:\/\/laurumptahotel.com.ar\/#\/schema\/logo\/image\/","url":"https:\/\/laurumptahotel.com.ar\/wp-content\/uploads\/2025\/08\/logo-urumpta-nuevo.svg","contentUrl":"https:\/\/laurumptahotel.com.ar\/wp-content\/uploads\/2025\/08\/logo-urumpta-nuevo.svg","width":1803,"height":853,"caption":"La Urumpta Hotel & Spa, AKEN MIND"},"image":{"@id":"https:\/\/laurumptahotel.com.ar\/#\/schema\/logo\/image\/"},"sameAs":["https:\/\/facebook.com\/akenmindmerida","https:\/\/instagram.com\/akenmindmerida"]}]}},"_links":{"self":[{"href":"https:\/\/laurumptahotel.com.ar\/es\/wp-json\/wp\/v2\/pages\/4945","targetHints":{"allow":["GET"]}}],"collection":[{"href":"https:\/\/laurumptahotel.com.ar\/es\/wp-json\/wp\/v2\/pages"}],"about":[{"href":"https:\/\/laurumptahotel.com.ar\/es\/wp-json\/wp\/v2\/types\/page"}],"author":[{"embeddable":true,"href":"https:\/\/laurumptahotel.com.ar\/es\/wp-json\/wp\/v2\/users\/6"}],"replies":[{"embeddable":true,"href":"https:\/\/laurumptahotel.com.ar\/es\/wp-json\/wp\/v2\/comments?post=4945"}],"version-history":[{"count":19,"href":"https:\/\/laurumptahotel.com.ar\/es\/wp-json\/wp\/v2\/pages\/4945\/revisions"}],"predecessor-version":[{"id":7935,"href":"https:\/\/laurumptahotel.com.ar\/es\/wp-json\/wp\/v2\/pages\/4945\/revisions\/7935"}],"wp:featuredmedia":[{"embeddable":true,"href":"https:\/\/laurumptahotel.com.ar\/es\/wp-json\/wp\/v2\/media\/7889"}],"wp:attachment":[{"href":"https:\/\/laurumptahotel.com.ar\/es\/wp-json\/wp\/v2\/media?parent=4945"}],"curies":[{"name":"wp","href":"https:\/\/api.w.org\/{rel}","templated":true}]}}